{"id":7371,"date":"2024-05-20T20:09:27","date_gmt":"2024-05-20T18:09:27","guid":{"rendered":"https:\/\/www.matclasen.de\/?page_id=7371"},"modified":"2024-09-10T20:29:15","modified_gmt":"2024-09-10T18:29:15","slug":"saxophon-solo-show","status":"publish","type":"page","link":"https:\/\/www.matclasen.de\/en\/saxophon-solo-show\/","title":{"rendered":"Saxophone Solo Show"},"content":{"rendered":"<div class=\"wp-block-group has-contrast-3-background-color has-background has-global-padding is-layout-constrained wp-container-core-group-is-layout-80738f1d wp-block-group-is-layout-constrained\" style=\"padding-top:var(--wp--preset--spacing--40)\">\n<div class=\"wp-block-columns alignwide is-layout-flex wp-container-core-columns-is-layout-28f84493 wp-block-columns-is-layout-flex\">\n<div class=\"wp-block-column is-layout-flow wp-block-column-is-layout-flow\">\n<h1 class=\"wp-block-heading has-text-align-center has-base-2-color has-text-color has-link-color wp-elements-49c21220a07ba8b454789eb5a946cd1a\" style=\"margin-top:var(--wp--preset--spacing--10);margin-right:0;margin-bottom:0;margin-left:0\">The Saxophone-Standup<br>1 Man Mixed Show<\/h1>\n\n\n\n<div style=\"height:34px\" aria-hidden=\"true\" class=\"wp-block-spacer\"><\/div>\n\n\n\n<figure class=\"wp-block-image alignleft size-large is-resized has-custom-border is-style-default\"><img loading=\"lazy\" decoding=\"async\" width=\"683\" height=\"1024\" src=\"data:image\/gif;base64,R0lGODlhAQABAAAAACH5BAEKAAEALAAAAAABAAEAAAICTAEAOw==\" alt=\"Pressefoto Mat Clasen Saxophon-Standup 1 Man Mixed Show\" class=\"wp-image-6479 lazyload\" style=\"border-style:none;border-width:0px;border-radius:9px;width:359px;height:auto\" sizes=\"auto, (max-width: 683px) 100vw, 683px\" data-src=\"https:\/\/www.matclasen.de\/wp-content\/uploads\/Mat_Clasen_Saxophon_Solo_Show_Pressefoto_by_Anda_Ahrens-1-683x1024.jpg\" data-srcset=\"https:\/\/www.matclasen.de\/wp-content\/uploads\/Mat_Clasen_Saxophon_Solo_Show_Pressefoto_by_Anda_Ahrens-1-683x1024.jpg 683w, https:\/\/www.matclasen.de\/wp-content\/uploads\/Mat_Clasen_Saxophon_Solo_Show_Pressefoto_by_Anda_Ahrens-1-scaled-800x1200.jpg 800w, https:\/\/www.matclasen.de\/wp-content\/uploads\/Mat_Clasen_Saxophon_Solo_Show_Pressefoto_by_Anda_Ahrens-1-200x300.jpg 200w, https:\/\/www.matclasen.de\/wp-content\/uploads\/Mat_Clasen_Saxophon_Solo_Show_Pressefoto_by_Anda_Ahrens-1-768x1152.jpg 768w, https:\/\/www.matclasen.de\/wp-content\/uploads\/Mat_Clasen_Saxophon_Solo_Show_Pressefoto_by_Anda_Ahrens-1-1024x1536.jpg 1024w, https:\/\/www.matclasen.de\/wp-content\/uploads\/Mat_Clasen_Saxophon_Solo_Show_Pressefoto_by_Anda_Ahrens-1-1365x2048.jpg 1365w, https:\/\/www.matclasen.de\/wp-content\/uploads\/Mat_Clasen_Saxophon_Solo_Show_Pressefoto_by_Anda_Ahrens-1-scaled.jpg 1707w\"><figcaption class=\"wp-element-caption\">\u00a9 Anda Ahrens<\/figcaption><\/figure>\n\n\n\n<p> When musical finesse meets hilariously funny stories. When St\u00f6rtebeker suddenly sails across the \"Titanic\" soundtrack. When it swings, grooves, squeaks, and bangs. Then you know Mat Clasen is in town with his highly entertaining \"1 Man Mixed Show.\" The Hamburg-based musician masterfully combines the saxophone with stand-up comedy. With plenty of humor and attention to detail, his program reveals the melodic and comedic potential of his beloved instrument.\n\nMat Clasen, a highly skilled musician, steps solo into the spotlight: for years, he has been a sought-after professional in the bands and orchestras of numerous stars. He has toured with musical icons like Tony Christie, Vicky Leandros, Stefan Gwildis, Otto Waalkes, and James Last. He skillfully fuses classical, jazz, funk, soul, and Balkan music in both covers and original compositions. His inimitable mix of pop and poetry slam, standards and slapstick, is peppered with lively insights into music history and the inner workings of his instruments. A perfectly mixed show indeed.<\/p>\n<\/div>\n<\/div>\n\n\n\n<div class=\"wp-block-columns alignwide is-layout-flex wp-container-core-columns-is-layout-28f84493 wp-block-columns-is-layout-flex\">\n<div class=\"wp-block-column is-layout-flow wp-block-column-is-layout-flow\">\n<p>Pressetext by Biggy Pop<br><a href=\"https:\/\/www.matclasen.de\/wp-content\/uploads\/Pressetext-Mat-Clasen-die-Saxophon-Standup-1-Man-MIxed-Show-2024.pdf\" target=\"_blank\" rel=\"noopener\" title=\"\">Download Pressetext als PDF<\/a><\/p>\n\n\n\n<p>Fotos by Anda Ahrens<br>Download Pressefotos <a href=\"https:\/\/www.matclasen.de\/images\/mat_fotos\/Mat_Clasen_Soloshow_Pressefoto_hochkant_3744x5616_by_Anda_Ahrens.jpg\" target=\"_blank\" rel=\"noreferrer noopener\">Hochformat<\/a> \/ <a href=\"https:\/\/www.matclasen.de\/images\/mat_fotos\/Mat_Clasen_Soloshow_Pressefoto_querformat_5616x3744_by_Anda_Ahrens.jpg\" target=\"_blank\" rel=\"noreferrer noopener\">Querformat<\/a><\/p>\n\n\n\n<p><\/p>\n<\/div>\n<\/div>\n<\/div>\n\n\n\n<div style=\"height:6px\" aria-hidden=\"true\" class=\"wp-block-spacer\"><\/div>\n\n\n\n<div class=\"wp-block-group has-contrast-3-background-color has-background has-global-padding is-layout-constrained wp-container-core-group-is-layout-80738f1d wp-block-group-is-layout-constrained\" style=\"padding-top:var(--wp--preset--spacing--40)\">\n<div class=\"wp-block-columns alignwide is-layout-flex wp-container-core-columns-is-layout-28f84493 wp-block-columns-is-layout-flex\">\n<div class=\"wp-block-column is-layout-flow wp-block-column-is-layout-flow\">\n<h2 class=\"wp-block-heading has-text-align-center has-base-2-color has-text-color has-link-color wp-elements-9bbd5cd5ca2d109e3f6c3a88f159c8b1\">Video \/ Showreel:<\/h2>\n\n\n\n<figure class=\"wp-block-embed is-type-video is-provider-youtube wp-block-embed-youtube wp-embed-aspect-16-9 wp-has-aspect-ratio\"><div class=\"wp-block-embed__wrapper\">\n<iframe loading=\"lazy\" hcb-fetch-image-from=\"https:\/\/youtu.be\/D3D7AvQXMrY\" title=\"Mat Clasen&#039;s  Saxophon Standup 1 Man Mixed Show mit Tourdates 24\" width=\"500\" height=\"281\" src=\"https:\/\/www.youtube.com\/embed\/D3D7AvQXMrY?feature=oembed\" frameborder=\"0\" allow=\"accelerometer; autoplay; clipboard-write; encrypted-media; gyroscope; picture-in-picture; web-share\" referrerpolicy=\"strict-origin-when-cross-origin\" allowfullscreen><\/iframe>\n<\/div><\/figure>\n<\/div>\n<\/div>\n<\/div>\n\n\n\n<div style=\"height:71px\" aria-hidden=\"true\" class=\"wp-block-spacer\"><\/div>\n\n\n\n<div class=\"wp-block-group has-contrast-3-background-color has-background has-global-padding is-layout-constrained wp-container-core-group-is-layout-33de0355 wp-block-group-is-layout-constrained\">\n<h2 class=\"wp-block-heading has-text-align-center has-base-2-color has-text-color has-link-color wp-elements-6906f0eae86ae7c43f22863799a37424\" id=\"next\">Dates Saxophone Solo Show<\/h2>\n\n\n\n<div class=\"wp-block-columns has-contrast-3-background-color has-background is-layout-flex wp-container-core-columns-is-layout-28f84493 wp-block-columns-is-layout-flex\" style=\"font-size:0.8rem\">\n<div class=\"wp-block-column is-layout-flow wp-block-column-is-layout-flow\">\n\t\t\t<div class=\"wp-block-uagb-post-grid uagb-post-grid  uagb-post__image-position-top uagb-post__image-disabled uagb-block-01ba938f     uagb-post__items uagb-post__columns-1 is-grid uagb-post__columns-tablet-2 uagb-post__columns-mobile-1 uagb-post__equal-height\" data-total=\"0\" style=\"\">\n\n\t\t\t\t\t\t\t\t\t<p class=\"uagb-post__no-posts\">\n\t\t\t\t\t\t\t\t\t\t\t<\/p>\n\t\t\t\t\t\t\t\t<\/div>\n\t\t\t<\/div>\n<\/div>\n<\/div>\n\n\n\n<div style=\"height:52px\" aria-hidden=\"true\" class=\"wp-block-spacer\"><\/div>\n\n\n\n<div class=\"wp-block-group has-base-2-background-color has-background has-global-padding is-layout-constrained wp-container-core-group-is-layout-33de0355 wp-block-group-is-layout-constrained\">\n<div class=\"wp-block-columns is-layout-flex wp-container-core-columns-is-layout-28f84493 wp-block-columns-is-layout-flex\">\n<div class=\"wp-block-column is-layout-flow wp-block-column-is-layout-flow\">\n<div style=\"height:20px\" aria-hidden=\"true\" class=\"wp-block-spacer\"><\/div>\n\n\n\n<p class=\"has-text-align-center has-contrast-3-color has-text-color has-link-color wp-elements-9b30a6511de6216371906067cbfa1afe\">To be kept up to date on concerts, projects, publications, workshops or similar, subscribe to my newsletter here!<\/p>\n<\/div>\n<\/div>\n\n\n\n<div class=\"gr-post-form\"><script type=\"text\/javascript\" src=\"https:\/\/app.getresponse.com\/view_webform_v2.js?u=Meqy4&amp;webforms_id=54797305\"><\/script><\/div>\n<\/div>\n\n\n\n<div style=\"height:15px\" aria-hidden=\"true\" class=\"wp-block-spacer\"><\/div>\n\n\n\n<div class=\"wp-block-group has-contrast-3-background-color has-background has-global-padding is-layout-constrained wp-container-core-group-is-layout-80738f1d wp-block-group-is-layout-constrained\" style=\"padding-top:var(--wp--preset--spacing--40)\">\n<div class=\"wp-block-columns alignwide is-layout-flex wp-container-core-columns-is-layout-28f84493 wp-block-columns-is-layout-flex\">\n<div class=\"wp-block-column is-layout-flow wp-block-column-is-layout-flow\">\n<h2 class=\"wp-block-heading has-text-align-center has-base-2-color has-text-color has-link-color wp-elements-5e372f757fbe534de1f392fd928f373c\">Press reports:<\/h2>\n\n\n\n<div class=\"wp-block-uagb-slider uagb-block-f86757aa uagb-slider-container\"><div class=\"uagb-slides uagb-swiper\"><div class=\"swiper-wrapper\">\n<div class=\"wp-block-uagb-slider-child uagb-slider-child-wrap swiper-slide uagb-block-267ab5ed\"><div class=\"swiper-content\">\n<div class=\"wp-block-uagb-container uagb-block-d6f79db0 alignfull uagb-is-root-container\"><div class=\"uagb-container-inner-blocks-wrap\">\n<div class=\"wp-block-uagb-info-box uagb-block-c683e8e6 uagb-infobox__content-wrap  uagb-infobox-icon-above-title uagb-infobox-image-valign-top\"><div class=\"uagb-ifb-content\"><div class=\"uagb-ifb-title-wrap\"><\/div><p class=\"uagb-ifb-desc\">Appearance on 09\/23\/22, Elbe Jeetzel newspaper from 09\/27\/22<\/p><\/div><\/div>\n\n\n\n<div class=\"wp-block-uagb-image uagb-block-747de1fe wp-block-uagb-image--layout-default wp-block-uagb-image--effect-static wp-block-uagb-image--align-none\"><figure class=\"wp-block-uagb-image__figure\"><img decoding=\"async\" sizes=\"auto, (max-width: 480px) 150px\" src=\"data:image\/gif;base64,R0lGODlhAQABAAAAACH5BAEKAAEALAAAAAABAAEAAAICTAEAOw==\" alt=\"\" class=\"uag-image-6102 lazyload\" width=\"1024\" height=\"397\" title=\"EJZ_2022-09-27_006\" loading=\"lazy\" role=\"img\" data-src=\"https:\/\/www.matclasen.de\/wp-content\/uploads\/EJZ_2022-09-27_006-e1666174840945-1024x397.png\" data-srcset=\"https:\/\/www.matclasen.de\/wp-content\/uploads\/EJZ_2022-09-27_006-e1666174840945-1024x397.png ,https:\/\/www.matclasen.de\/wp-content\/uploads\/EJZ_2022-09-27_006-e1666174840945.png 780w, https:\/\/www.matclasen.de\/wp-content\/uploads\/EJZ_2022-09-27_006-e1666174840945.png 360w\"><\/figure><\/div>\n<\/div><\/div>\n<\/div><\/div>\n\n\n\n<div class=\"wp-block-uagb-slider-child uagb-slider-child-wrap swiper-slide uagb-block-d8e0480e\"><div class=\"swiper-content\">\n<div class=\"wp-block-uagb-container uagb-block-a31c4e1c alignfull uagb-is-root-container\"><div class=\"uagb-container-inner-blocks-wrap\">\n<div class=\"wp-block-uagb-info-box uagb-block-500d9801 uagb-infobox__content-wrap  uagb-infobox-icon-above-title uagb-infobox-image-valign-top\"><div class=\"uagb-ifb-content\"><div class=\"uagb-ifb-title-wrap\"><\/div><p class=\"uagb-ifb-desc\">Appearance on 09.10.21, Cellesche Zeitung from 11.10.21<\/p><\/div><\/div>\n\n\n\n<div class=\"wp-block-uagb-image uagb-block-149b0b3d wp-block-uagb-image--layout-default wp-block-uagb-image--effect-static wp-block-uagb-image--align-none\"><figure class=\"wp-block-uagb-image__figure\"><img decoding=\"async\" sizes=\"auto, (max-width: 480px) 150px\" src=\"data:image\/gif;base64,R0lGODlhAQABAAAAACH5BAEKAAEALAAAAAABAAEAAAICTAEAOw==\" alt=\"\" class=\"uag-image-5158 lazyload\" width=\"1024\" height=\"525\" title=\"211009 Saxophone solo show in Celle, Cellesche Zeitung from 10\/11\/21\" loading=\"lazy\" role=\"img\" data-src=\"https:\/\/www.matclasen.de\/wp-content\/uploads\/2019\/11\/Teile-1634016797-1024x525.png\" data-srcset=\"https:\/\/www.matclasen.de\/wp-content\/uploads\/2019\/11\/Teile-1634016797-1024x525.png ,https:\/\/www.matclasen.de\/wp-content\/uploads\/2019\/11\/Teile-1634016797.png 780w, https:\/\/www.matclasen.de\/wp-content\/uploads\/2019\/11\/Teile-1634016797.png 360w\"><\/figure><\/div>\n<\/div><\/div>\n<\/div><\/div>\n<\/div><\/div><div class=\"swiper-pagination\"><\/div><div class=\"swiper-button-prev\"><\/div><div class=\"swiper-button-next\"><\/div><\/div>\n<\/div>\n<\/div>\n<\/div>\n\n\n\n<div style=\"height:27px\" aria-hidden=\"true\" class=\"wp-block-spacer\"><\/div>\n\n\n\n<div class=\"wp-block-group has-contrast-3-background-color has-background has-global-padding is-layout-constrained wp-container-core-group-is-layout-33de0355 wp-block-group-is-layout-constrained\">\n<h2 class=\"wp-block-heading has-text-align-center has-base-2-color has-text-color has-link-color wp-elements-e97f94df2024ebf90a1ee42a416b9fa9\" id=\"next\">past appointments<\/h2>\n\n\n\n<div class=\"wp-block-columns is-layout-flex wp-container-core-columns-is-layout-28f84493 wp-block-columns-is-layout-flex\">\n<div class=\"wp-block-column is-layout-flow wp-block-column-is-layout-flow\">\n\t\t\t<div class=\"wp-block-uagb-post-grid uagb-post-grid  uagb-post__image-position-top uagb-post__image-disabled uagb-block-c6cf06b6     uagb-post__items uagb-post__columns-1 is-grid uagb-post__columns-tablet-2 uagb-post__columns-mobile-1 uagb-post__equal-height\" data-total=\"2\" style=\"\">\n\n\t\t\t\t\t\t\t\t\t\t\t\t<article class=\"uagb-post__inner-wrap\">\t\t\t\t\t\t\t\t<h3 class=\"uagb-post__title uagb-post__text\">\n\t\t\t\t<a href=\"https:\/\/www.matclasen.de\/en\/14-12-24-hamburg-bergedorf\/\" target=\"_self\" rel=\"bookmark noopener noreferrer\">14.12.24 &#8211; Hamburg-Bergedorf<\/a>\n\t\t\t<\/h3>\n\t\t\t\t\t\t<div class='uagb-post__text uagb-post-grid-byline'>\n\t\t\t\t\t\t\t<\/div>\n\t\t\t\n\t\t\t\t\t\t\t\t\t<\/article>\n\t\t\t\t\t\t\t\t\t\t\t\t\t\t\t\t<article class=\"uagb-post__inner-wrap\">\t\t\t\t\t\t\t\t<h3 class=\"uagb-post__title uagb-post__text\">\n\t\t\t\t<a href=\"https:\/\/www.matclasen.de\/en\/01-11-24-schwerin\/\" target=\"_self\" rel=\"bookmark noopener noreferrer\">01.11.24 &#8211; Schwerin<\/a>\n\t\t\t<\/h3>\n\t\t\t\t\t\t<div class='uagb-post__text uagb-post-grid-byline'>\n\t\t\t\t\t\t\t<\/div>\n\t\t\t\n\t\t\t\t\t\t\t\t\t<\/article>\n\t\t\t\t\t\t\t\t\t\t\t\t\t\t\t\t<article class=\"uagb-post__inner-wrap\">\t\t\t\t\t\t\t\t<h3 class=\"uagb-post__title uagb-post__text\">\n\t\t\t\t<a href=\"https:\/\/www.matclasen.de\/en\/26-10-24-salzwedel\/\" target=\"_self\" rel=\"bookmark noopener noreferrer\">26.10.24 &#8211; Salzwedel<\/a>\n\t\t\t<\/h3>\n\t\t\t\t\t\t<div class='uagb-post__text uagb-post-grid-byline'>\n\t\t\t\t\t\t\t<\/div>\n\t\t\t\n\t\t\t\t\t\t\t\t\t<\/article>\n\t\t\t\t\t\t\t\t\t\t\t\t\t\t\t\t<article class=\"uagb-post__inner-wrap\">\t\t\t\t\t\t\t\t<h3 class=\"uagb-post__title uagb-post__text\">\n\t\t\t\t<a href=\"https:\/\/www.matclasen.de\/en\/29-09-24-hamburg\/\" target=\"_self\" rel=\"bookmark noopener noreferrer\">29.09.24 &#8211; Hamburg<\/a>\n\t\t\t<\/h3>\n\t\t\t\t\t\t<div class='uagb-post__text uagb-post-grid-byline'>\n\t\t\t\t\t\t\t<\/div>\n\t\t\t\n\t\t\t\t\t\t\t\t\t<\/article>\n\t\t\t\t\t\t\t\t\t\t\t\t\t\t\t\t<article class=\"uagb-post__inner-wrap\">\t\t\t\t\t\t\t\t<h3 class=\"uagb-post__title uagb-post__text\">\n\t\t\t\t<a href=\"https:\/\/www.matclasen.de\/en\/25-09-24-westerstede\/\" target=\"_self\" rel=\"bookmark noopener noreferrer\">25.09.24 &#8211; Westerstede<\/a>\n\t\t\t<\/h3>\n\t\t\t\t\t\t<div class='uagb-post__text uagb-post-grid-byline'>\n\t\t\t\t\t\t\t<\/div>\n\t\t\t\n\t\t\t\t\t\t\t\t\t<\/article>\n\t\t\t\t\t\t\t\t\t\t\t\t\t\t\t\t<article class=\"uagb-post__inner-wrap\">\t\t\t\t\t\t\t\t<h3 class=\"uagb-post__title uagb-post__text\">\n\t\t\t\t<a href=\"https:\/\/www.matclasen.de\/en\/24-09-24-baltrum\/\" target=\"_self\" rel=\"bookmark noopener noreferrer\">24.09.24 &#8211; Baltrum<\/a>\n\t\t\t<\/h3>\n\t\t\t\t\t\t<div class='uagb-post__text uagb-post-grid-byline'>\n\t\t\t\t\t\t\t<\/div>\n\t\t\t\n\t\t\t\t\t\t\t\t\t<\/article>\n\t\t\t\t\t\t\t\t\t\t\t\t\t\t\t\t<article class=\"uagb-post__inner-wrap\">\t\t\t\t\t\t\t\t<h3 class=\"uagb-post__title uagb-post__text\">\n\t\t\t\t<a href=\"https:\/\/www.matclasen.de\/en\/22-09-24-braunschweig\/\" target=\"_self\" rel=\"bookmark noopener noreferrer\">22.09.24 &#8211; Braunschweig<\/a>\n\t\t\t<\/h3>\n\t\t\t\t\t\t<div class='uagb-post__text uagb-post-grid-byline'>\n\t\t\t\t\t\t\t<\/div>\n\t\t\t\n\t\t\t\t\t\t\t\t\t<\/article>\n\t\t\t\t\t\t\t\t\t\t\t\t\t\t\t\t<article class=\"uagb-post__inner-wrap\">\t\t\t\t\t\t\t\t<h3 class=\"uagb-post__title uagb-post__text\">\n\t\t\t\t<a href=\"https:\/\/www.matclasen.de\/en\/21-09-24-celle\/\" target=\"_self\" rel=\"bookmark noopener noreferrer\">21.09.24 &#8211; Celle<\/a>\n\t\t\t<\/h3>\n\t\t\t\t\t\t<div class='uagb-post__text uagb-post-grid-byline'>\n\t\t\t\t\t\t\t<\/div>\n\t\t\t\n\t\t\t\t\t\t\t\t\t<\/article>\n\t\t\t\t\t\t\t\t\t\t\t\t\t\t\t\t<article class=\"uagb-post__inner-wrap\">\t\t\t\t\t\t\t\t<h3 class=\"uagb-post__title uagb-post__text\">\n\t\t\t\t<a href=\"https:\/\/www.matclasen.de\/en\/08-12-23-grabow\/\" target=\"_self\" rel=\"bookmark noopener noreferrer\">08.12.23 &#8211; Grabow<\/a>\n\t\t\t<\/h3>\n\t\t\t\t\t\t<div class='uagb-post__text uagb-post-grid-byline'>\n\t\t\t\t\t\t\t<\/div>\n\t\t\t\n\t\t\t\t\t\t\t\t\t<\/article>\n\t\t\t\t\t\t\t\t\t\t\t\t\t\t\t\t<article class=\"uagb-post__inner-wrap\">\t\t\t\t\t\t\t\t<h3 class=\"uagb-post__title uagb-post__text\">\n\t\t\t\t<a href=\"https:\/\/www.matclasen.de\/en\/07-12-23-schwerin\/\" target=\"_self\" rel=\"bookmark noopener noreferrer\">07.12.23 &#8211; Schwerin<\/a>\n\t\t\t<\/h3>\n\t\t\t\t\t\t<div class='uagb-post__text uagb-post-grid-byline'>\n\t\t\t\t\t\t\t<\/div>\n\t\t\t\n\t\t\t\t\t\t\t\t\t<\/article>\n\t\t\t\t\t\t\t\t\t\t\t\t\t\t\t\t<article class=\"uagb-post__inner-wrap\">\t\t\t\t\t\t\t\t<h3 class=\"uagb-post__title uagb-post__text\">\n\t\t\t\t<a href=\"https:\/\/www.matclasen.de\/en\/05-12-23-hamburg\/\" target=\"_self\" rel=\"bookmark noopener noreferrer\">05.12.23 &#8211; Hamburg<\/a>\n\t\t\t<\/h3>\n\t\t\t\t\t\t<div class='uagb-post__text uagb-post-grid-byline'>\n\t\t\t\t\t\t\t<\/div>\n\t\t\t\n\t\t\t\t\t\t\t\t\t<\/article>\n\t\t\t\t\t\t\t\t\t\t\t\t\t\t\t\t<article class=\"uagb-post__inner-wrap\">\t\t\t\t\t\t\t\t<h3 class=\"uagb-post__title uagb-post__text\">\n\t\t\t\t<a href=\"https:\/\/www.matclasen.de\/en\/23-11-23-hannover\/\" target=\"_self\" rel=\"bookmark noopener noreferrer\">23.11.23 &#8211; Hannover<\/a>\n\t\t\t<\/h3>\n\t\t\t\t\t\t<div class='uagb-post__text uagb-post-grid-byline'>\n\t\t\t\t\t\t\t<\/div>\n\t\t\t\n\t\t\t\t\t\t\t\t\t<\/article>\n\t\t\t\t\t\t\t\t\t\t\t<\/div>\n\t\t\t<\/div>\n<\/div>\n<\/div>\n\n\n\n<div style=\"height:13px\" aria-hidden=\"true\" class=\"wp-block-spacer\"><\/div>","protected":false},"excerpt":{"rendered":"<p>Die Saxophon-Standup1 Man Mixed Show Wenn musikalische Finesse auf br\u00fcllend komische Geschichten trifft. Wenn St\u00f6rtebeker pl\u00f6tzlich auf dem \u201eTitanic\u201f-Soundtrack segelt. Wenn es swingt und groovt, qu\u00e4kt und knallt. Dann ist Mat Clasen mit seiner h\u00f6chst unterhaltsamen \u201e1 Man Mixed Show\u201f zu Gast. Der Hamburger Musiker kombiniert das Saxophon kongenial mit Stand-up-Comedy. In seinem Programm zeigt [&hellip;]<\/p>\n","protected":false},"author":1,"featured_media":6473,"parent":0,"menu_order":0,"comment_status":"closed","ping_status":"closed","template":"mats-dunkles-seiten-template","meta":{"_uag_custom_page_level_css":"","footnotes":""},"class_list":["post-7371","page","type-page","status-publish","has-post-thumbnail","hentry"],"aioseo_notices":[],"uagb_featured_image_src":{"full":["https:\/\/www.matclasen.de\/wp-content\/uploads\/MG_4910-scaled.jpg",2560,1707,false],"thumbnail":["https:\/\/www.matclasen.de\/wp-content\/uploads\/MG_4910-150x150.jpg",150,150,true],"medium":["https:\/\/www.matclasen.de\/wp-content\/uploads\/MG_4910-300x200.jpg",300,200,true],"medium_large":["https:\/\/www.matclasen.de\/wp-content\/uploads\/MG_4910-768x512.jpg",768,512,true],"large":["https:\/\/www.matclasen.de\/wp-content\/uploads\/MG_4910-1024x683.jpg",1024,683,true],"1536x1536":["https:\/\/www.matclasen.de\/wp-content\/uploads\/MG_4910-1536x1024.jpg",1536,1024,true],"2048x2048":["https:\/\/www.matclasen.de\/wp-content\/uploads\/MG_4910-2048x1365.jpg",2048,1365,true],"trp-custom-language-flag":["https:\/\/www.matclasen.de\/wp-content\/uploads\/MG_4910-scaled.jpg",18,12,false],"woocommerce_thumbnail":["https:\/\/www.matclasen.de\/wp-content\/uploads\/MG_4910-scaled-400x400.jpg",400,400,true],"woocommerce_single":["https:\/\/www.matclasen.de\/wp-content\/uploads\/MG_4910-scaled-800x533.jpg",800,533,true],"woocommerce_gallery_thumbnail":["https:\/\/www.matclasen.de\/wp-content\/uploads\/MG_4910-scaled-100x100.jpg",100,100,true]},"uagb_author_info":{"display_name":"admin","author_link":"https:\/\/www.matclasen.de\/en\/author\/admin\/"},"uagb_comment_info":0,"uagb_excerpt":"Die Saxophon-Standup1 Man Mixed Show Wenn musikalische Finesse auf br\u00fcllend komische Geschichten trifft. Wenn St\u00f6rtebeker pl\u00f6tzlich auf dem \u201eTitanic\u201f-Soundtrack segelt. Wenn es swingt und groovt, qu\u00e4kt und knallt. Dann ist Mat Clasen mit seiner h\u00f6chst unterhaltsamen \u201e1 Man Mixed Show\u201f zu Gast. Der Hamburger Musiker kombiniert das Saxophon kongenial mit Stand-up-Comedy. In seinem Programm zeigt&hellip;","_links":{"self":[{"href":"https:\/\/www.matclasen.de\/en\/wp-json\/wp\/v2\/pages\/7371","targetHints":{"allow":["GET"]}}],"collection":[{"href":"https:\/\/www.matclasen.de\/en\/wp-json\/wp\/v2\/pages"}],"about":[{"href":"https:\/\/www.matclasen.de\/en\/wp-json\/wp\/v2\/types\/page"}],"author":[{"embeddable":true,"href":"https:\/\/www.matclasen.de\/en\/wp-json\/wp\/v2\/users\/1"}],"replies":[{"embeddable":true,"href":"https:\/\/www.matclasen.de\/en\/wp-json\/wp\/v2\/comments?post=7371"}],"version-history":[{"count":0,"href":"https:\/\/www.matclasen.de\/en\/wp-json\/wp\/v2\/pages\/7371\/revisions"}],"wp:featuredmedia":[{"embeddable":true,"href":"https:\/\/www.matclasen.de\/en\/wp-json\/wp\/v2\/media\/6473"}],"wp:attachment":[{"href":"https:\/\/www.matclasen.de\/en\/wp-json\/wp\/v2\/media?parent=7371"}],"curies":[{"name":"wp","href":"https:\/\/api.w.org\/{rel}","templated":true}]}}