{"id":10137,"date":"2025-03-31T18:20:33","date_gmt":"2025-03-31T16:20:33","guid":{"rendered":"https:\/\/www.matclasen.de\/?post_type=product&#038;p=10137"},"modified":"2025-07-27T19:52:23","modified_gmt":"2025-07-27T17:52:23","slug":"abschied-farewell-partitur-und-einzelstimmen-fuer-saxophon-und-piano","status":"publish","type":"product","link":"https:\/\/www.matclasen.de\/en\/product\/abschied-farewell-partitur-und-einzelstimmen-fuer-saxophon-und-piano\/","title":{"rendered":"A quiet farewell inspired by Bach and Gounod - Abschied Farewell for saxophone and piano"},"content":{"rendered":"<p>Titel: Abschied Farewell<br \/>\nStyle: New Classical<br \/>\nComposer: Joachim Goerke &amp; Mat Clasen<br \/>\nInstrumentation: Saxophone and Piano (Eb-, Bb- and C-Parts are included in the PDF)<br \/>\nLength: 3:20<br \/>\nTempo: 46 bpm<br \/>\nTime Signature: 10\/8<br \/>\nKey: Eb major<\/p>\n<p>Album &#8222;Rivers of Gold&#8220;:<br \/>\n<a href=\"https:\/\/www.matclasen.de\/en\/product\/cd-rivers-of-gold-mat-clasen-und-joachim-goerke\/\">https:\/\/www.matclasen.de\/produkt\/cd-rivers-of-gold-mat-clasen-und-joachim-goerke\/<\/a><\/p>\n<p>Demo video:<br \/>\n<iframe loading=\"lazy\" hcb-fetch-image-from=\"https:\/\/youtu.be\/povI0bknecw\" title=\"&quot;Abschied Farewell&quot; Instrumentalmusik zwischen Cohen und Bach - Piano Saxophon\" width=\"500\" height=\"281\" src=\"https:\/\/www.youtube.com\/embed\/povI0bknecw?feature=oembed\" frameborder=\"0\" allow=\"accelerometer; autoplay; clipboard-write; encrypted-media; gyroscope; picture-in-picture; web-share\" referrerpolicy=\"strict-origin-when-cross-origin\" allowfullscreen><\/iframe><\/p>","protected":false},"excerpt":{"rendered":"<p>\u201cAbschied Farewell\u201d is a heartfelt composition by Joachim Goerke with a lyrical melody by Mat Clasen \u2013 reminiscent of Gounod\u2019s Ave Maria over Bach\u2019s Prelude in C. Written for saxophone and piano. Featured on the album Rivers of Gold. <em data-start=\"632\" data-end=\"648\">Rivers of Gold<\/em>.<\/p>","protected":false},"featured_media":10141,"template":"","meta":{"_uag_custom_page_level_css":""},"product_brand":[],"product_cat":[473,472],"product_tag":[541,544,538,539],"class_list":{"0":"post-10137","1":"product","2":"type-product","3":"status-publish","4":"has-post-thumbnail","6":"product_cat-noten","7":"product_cat-shop","8":"product_tag-meditationsmusik","9":"product_tag-new-classical","10":"product_tag-rivers-of-gold","11":"product_tag-saxophon-piano-duo","13":"first","14":"instock","15":"downloadable","16":"virtual","17":"taxable","18":"purchasable","19":"product-type-simple"},"aioseo_notices":[],"uagb_featured_image_src":{"full":["https:\/\/www.matclasen.de\/wp-content\/uploads\/Abschied-Farewell_0001-e1743439109396.png",1200,1697,false],"thumbnail":["https:\/\/www.matclasen.de\/wp-content\/uploads\/Abschied-Farewell_0001-150x150.png",150,150,true],"medium":["https:\/\/www.matclasen.de\/wp-content\/uploads\/Abschied-Farewell_0001-212x300.png",212,300,true],"medium_large":["https:\/\/www.matclasen.de\/wp-content\/uploads\/Abschied-Farewell_0001-768x1086.png",768,1086,true],"large":["https:\/\/www.matclasen.de\/wp-content\/uploads\/Abschied-Farewell_0001-724x1024.png",724,1024,true],"1536x1536":["https:\/\/www.matclasen.de\/wp-content\/uploads\/Abschied-Farewell_0001-1086x1536.png",1086,1536,true],"2048x2048":["https:\/\/www.matclasen.de\/wp-content\/uploads\/Abschied-Farewell_0001-1448x2048.png",1448,2048,true],"trp-custom-language-flag":["https:\/\/www.matclasen.de\/wp-content\/uploads\/Abschied-Farewell_0001-8x12.png",8,12,true],"woocommerce_thumbnail":["https:\/\/www.matclasen.de\/wp-content\/uploads\/Abschied-Farewell_0001-e1743439109396-400x400.png",400,400,true],"woocommerce_single":["https:\/\/www.matclasen.de\/wp-content\/uploads\/Abschied-Farewell_0001-e1743439109396-800x1131.png",800,1131,true],"woocommerce_gallery_thumbnail":["https:\/\/www.matclasen.de\/wp-content\/uploads\/Abschied-Farewell_0001-e1743439109396-100x100.png",100,100,true]},"uagb_author_info":{"display_name":"admin","author_link":"https:\/\/www.matclasen.de\/en\/author\/"},"uagb_comment_info":0,"uagb_excerpt":"\u201eAbschied Farewell\u201c ist eine tief empfundene Komposition von Joachim Goerke, zu der Mat Clasen eine eigene Melodie schrieb \u2013 im Geiste von Gounods Ave Maria \u00fcber Bachs Pr\u00e4ludium. F\u00fcr Saxophon und Klavier. Zu h\u00f6ren auf dem Album Rivers of Gold.","_links":{"self":[{"href":"https:\/\/www.matclasen.de\/en\/wp-json\/wp\/v2\/product\/10137","targetHints":{"allow":["GET"]}}],"collection":[{"href":"https:\/\/www.matclasen.de\/en\/wp-json\/wp\/v2\/product"}],"about":[{"href":"https:\/\/www.matclasen.de\/en\/wp-json\/wp\/v2\/types\/product"}],"wp:featuredmedia":[{"embeddable":true,"href":"https:\/\/www.matclasen.de\/en\/wp-json\/wp\/v2\/media\/10141"}],"wp:attachment":[{"href":"https:\/\/www.matclasen.de\/en\/wp-json\/wp\/v2\/media?parent=10137"}],"wp:term":[{"taxonomy":"product_brand","embeddable":true,"href":"https:\/\/www.matclasen.de\/en\/wp-json\/wp\/v2\/product_brand?post=10137"},{"taxonomy":"product_cat","embeddable":true,"href":"https:\/\/www.matclasen.de\/en\/wp-json\/wp\/v2\/product_cat?post=10137"},{"taxonomy":"product_tag","embeddable":true,"href":"https:\/\/www.matclasen.de\/en\/wp-json\/wp\/v2\/product_tag?post=10137"}],"curies":[{"name":"wp","href":"https:\/\/api.w.org\/{rel}","templated":true}]}}