{"id":5746,"date":"2022-04-15T17:44:17","date_gmt":"2022-04-15T15:44:17","guid":{"rendered":"https:\/\/www.matclasen.de\/?post_type=product&#038;p=5746"},"modified":"2025-07-27T20:15:58","modified_gmt":"2025-07-27T18:15:58","slug":"funky-sissy-partitur-und-einzelstimmen-fuer-saxophonquartett-pdf-download","status":"publish","type":"product","link":"https:\/\/www.matclasen.de\/en\/product\/funky-sissy-partitur-und-einzelstimmen-fuer-saxophonquartett-pdf-download\/","title":{"rendered":"Bold groove, tight rhythm \u2013 Funky Sissy for saxophone quartet (PDF-download)"},"content":{"rendered":"<p>Title: Funky Sissy<br \/>\nStyle: straight funk<br \/>\nComposer: Mat Clasen<br \/>\nInstrumentation: Saxophone Quartet (AATB)<br \/>\nLength: 3:12<br \/>\nTempo: 100 bpm<br \/>\nTime signature: 4\/4<br \/>\nKey: C<br \/>\nDifficulty level: advanced<\/p>\n<p>Demo video:<br \/>\n<iframe loading=\"lazy\" hcb-fetch-image-from=\"https:\/\/youtu.be\/BHEDhC30WAQ\" title=\"Groovy funk song for saxophone quartet &quot;Funky Sissy&quot; score video\" width=\"500\" height=\"281\" src=\"https:\/\/www.youtube.com\/embed\/BHEDhC30WAQ?feature=oembed\" frameborder=\"0\" allow=\"accelerometer; autoplay; clipboard-write; encrypted-media; gyroscope; picture-in-picture; web-share\" referrerpolicy=\"strict-origin-when-cross-origin\" allowfullscreen><\/iframe><\/p>","protected":false},"excerpt":{"rendered":"<p>\u201cFunky Sissy\u201d delivers high-energy funk for saxophone quartet. Its main theme is rhythmically inspired by the iconic groove of \u201cSissy Strut\u201d (The Meters, 1969). Sharp, driving, and made to move the audience \u2013 a must-have for funk-loving ensembles.<\/p>","protected":false},"featured_media":5959,"template":"","meta":{"_uag_custom_page_level_css":""},"product_brand":[],"product_cat":[473,472],"product_tag":[477,475,476,474],"class_list":{"0":"post-5746","1":"product","2":"type-product","3":"status-publish","4":"has-post-thumbnail","6":"product_cat-noten","7":"product_cat-shop","8":"product_tag-aatb","9":"product_tag-advanced","10":"product_tag-funk","11":"product_tag-saxophonquartett","13":"first","14":"instock","15":"downloadable","16":"virtual","17":"taxable","18":"purchasable","19":"product-type-simple"},"aioseo_notices":[],"uagb_featured_image_src":{"full":["https:\/\/www.matclasen.de\/wp-content\/uploads\/Funky-Sissy-Saxophone-Quartet-AATB-Title-e1651763564680.png",720,1018,false],"thumbnail":["https:\/\/www.matclasen.de\/wp-content\/uploads\/Funky-Sissy-Saxophone-Quartet-AATB-Title-150x150.png",150,150,true],"medium":["https:\/\/www.matclasen.de\/wp-content\/uploads\/Funky-Sissy-Saxophone-Quartet-AATB-Title-212x300.png",212,300,true],"medium_large":["https:\/\/www.matclasen.de\/wp-content\/uploads\/Funky-Sissy-Saxophone-Quartet-AATB-Title-768x1086.png",768,1086,true],"large":["https:\/\/www.matclasen.de\/wp-content\/uploads\/Funky-Sissy-Saxophone-Quartet-AATB-Title-724x1024.png",724,1024,true],"1536x1536":["https:\/\/www.matclasen.de\/wp-content\/uploads\/Funky-Sissy-Saxophone-Quartet-AATB-Title-1086x1536.png",1086,1536,true],"2048x2048":["https:\/\/www.matclasen.de\/wp-content\/uploads\/Funky-Sissy-Saxophone-Quartet-AATB-Title-1448x2048.png",1448,2048,true],"trp-custom-language-flag":["https:\/\/www.matclasen.de\/wp-content\/uploads\/Funky-Sissy-Saxophone-Quartet-AATB-Title-e1651763564680.png",8,12,false],"woocommerce_thumbnail":["https:\/\/www.matclasen.de\/wp-content\/uploads\/Funky-Sissy-Saxophone-Quartet-AATB-Title-e1651763564680-400x400.png",400,400,true],"woocommerce_single":["https:\/\/www.matclasen.de\/wp-content\/uploads\/Funky-Sissy-Saxophone-Quartet-AATB-Title-1086x1536.png",800,1131,true],"woocommerce_gallery_thumbnail":["https:\/\/www.matclasen.de\/wp-content\/uploads\/Funky-Sissy-Saxophone-Quartet-AATB-Title-e1651763564680-100x100.png",100,100,true]},"uagb_author_info":{"display_name":"admin","author_link":"https:\/\/www.matclasen.de\/en\/author\/"},"uagb_comment_info":0,"uagb_excerpt":"\u201eFunky Sissy\u201c bringt kompromisslosen Funk-Energie ins Saxophonquartett. Das Hauptthema zitiert rhythmisch den Kult-Groove von \u201eSissy Strut\u201c (The Meters, 1969) \u2013 kraftvoll, pointiert, direkt. Ideal f\u00fcr Ensembles, die Groove und Pr\u00e4senz auf die B\u00fchne bringen wollen.","_links":{"self":[{"href":"https:\/\/www.matclasen.de\/en\/wp-json\/wp\/v2\/product\/5746","targetHints":{"allow":["GET"]}}],"collection":[{"href":"https:\/\/www.matclasen.de\/en\/wp-json\/wp\/v2\/product"}],"about":[{"href":"https:\/\/www.matclasen.de\/en\/wp-json\/wp\/v2\/types\/product"}],"wp:featuredmedia":[{"embeddable":true,"href":"https:\/\/www.matclasen.de\/en\/wp-json\/wp\/v2\/media\/5959"}],"wp:attachment":[{"href":"https:\/\/www.matclasen.de\/en\/wp-json\/wp\/v2\/media?parent=5746"}],"wp:term":[{"taxonomy":"product_brand","embeddable":true,"href":"https:\/\/www.matclasen.de\/en\/wp-json\/wp\/v2\/product_brand?post=5746"},{"taxonomy":"product_cat","embeddable":true,"href":"https:\/\/www.matclasen.de\/en\/wp-json\/wp\/v2\/product_cat?post=5746"},{"taxonomy":"product_tag","embeddable":true,"href":"https:\/\/www.matclasen.de\/en\/wp-json\/wp\/v2\/product_tag?post=5746"}],"curies":[{"name":"wp","href":"https:\/\/api.w.org\/{rel}","templated":true}]}}