{"id":5753,"date":"2022-04-22T14:54:03","date_gmt":"2022-04-22T12:54:03","guid":{"rendered":"https:\/\/www.matclasen.de\/?post_type=product&#038;p=5753"},"modified":"2025-04-01T20:01:31","modified_gmt":"2025-04-01T18:01:31","slug":"cd-rivers-of-gold-mat-clasen-und-joachim-goerke","status":"publish","type":"product","link":"https:\/\/www.matclasen.de\/en\/product\/cd-rivers-of-gold-mat-clasen-und-joachim-goerke\/","title":{"rendered":"CD &quot;Rivers of Gold&quot; Mat Clasen and Joachim Goerke"},"content":{"rendered":"<div style=\"margin-top: 3em; margin-bottom: 5em;\">\n<div>Erscheinungsjahr: 2021<br \/>\nLabel: <a href=\"https:\/\/www.sajema.de\/\">Sajema Music<\/a><br \/>\nTitel: 11<br \/>\nL\u00e4nge: 42 Minuten<br \/>\nGenre: Jazz, Instrumental, New Classics<\/div>\n<\/div>\n<div style=\"margin-bottom: 5em;\">\n<div class=\"wp-playlist wp-audio-playlist wp-playlist-light\">\n\t\t\t<div class=\"wp-playlist-current-item\"><\/div>\n\t\t<audio controls=\"controls\" preload=\"none\" width=\"640\"\n\t\t\t><\/audio>\n\t<div class=\"wp-playlist-next\"><\/div>\n\t<div class=\"wp-playlist-prev\"><\/div>\n\t<noscript>\n\t<ol>\n\t\t<li><a href='https:\/\/www.matclasen.de\/wp-content\/uploads\/Pure-Joy-Reine-Freude-Snipp.mp3'>Pure Joy Reine Freude<\/a><\/li><li><a href='https:\/\/www.matclasen.de\/wp-content\/uploads\/Ma-Im-coming-Snippet.mp3'>Ma I'm coming<\/a><\/li><li><a href='https:\/\/www.matclasen.de\/wp-content\/uploads\/Seelenflu\u0308ger-Snippet.mp3'>Seelenflu\u0308gel<\/a><\/li><li><a href='https:\/\/www.matclasen.de\/wp-content\/uploads\/Rivers-of-Gold-Snippet.mp3'>Rivers of Gold<\/a><\/li><li><a href='https:\/\/www.matclasen.de\/wp-content\/uploads\/The-Gateway-to-the-Hall-of-.mp3'>The Gateway to the Hall of Peace<\/a><\/li><li><a href='https:\/\/www.matclasen.de\/wp-content\/uploads\/Danke-Thanks-Snippet.mp3'>Danke Thanks<\/a><\/li><li><a href='https:\/\/www.matclasen.de\/wp-content\/uploads\/Belles-Aufstieg-Snippet.mp3'>Belle's Aufstieg<\/a><\/li><li><a href='https:\/\/www.matclasen.de\/wp-content\/uploads\/Africans-Snippet.mp3'>Africans<\/a><\/li><li><a href='https:\/\/www.matclasen.de\/wp-content\/uploads\/Meditatives-Schreiten-Snipp.mp3'>Meditatives Schreiten<\/a><\/li><li><a href='https:\/\/www.matclasen.de\/wp-content\/uploads\/Liioness-Dance-Snippet.mp3'>Lioness Dance<\/a><\/li><li><a href='https:\/\/www.matclasen.de\/wp-content\/uploads\/Farewell-Abschied-Snippet.mp3'>Farewell Abschied<\/a><\/li>\t<\/ol>\n\t<\/noscript>\n\t<script type=\"application\/json\" class=\"wp-playlist-script\">{\"type\":\"audio\",\"tracklist\":true,\"tracknumbers\":true,\"images\":true,\"artists\":true,\"tracks\":[{\"src\":\"https:\/\/www.matclasen.de\/wp-content\/uploads\/Pure-Joy-Reine-Freude-Snipp.mp3\",\"type\":\"audio\/mpeg\",\"title\":\"Pure Joy Reine Freude\",\"caption\":\"\",\"description\":\"\\u201ePure Joy Reine Freude Snipp\\u201c.\",\"meta\":{\"length_formatted\":\"1:00\"},\"image\":{\"src\":\"https:\/\/www.matclasen.de\/wp-includes\/images\/media\/audio.svg\",\"width\":48,\"height\":64},\"thumb\":{\"src\":\"https:\/\/www.matclasen.de\/wp-includes\/images\/media\/audio.svg\",\"width\":48,\"height\":64}},{\"src\":\"https:\/\/www.matclasen.de\/wp-content\/uploads\/Ma-Im-coming-Snippet.mp3\",\"type\":\"audio\/mpeg\",\"title\":\"Ma I'm coming\",\"caption\":\"\",\"description\":\"\\u201eMa Im coming Snippet\\u201c.\",\"meta\":{\"length_formatted\":\"1:00\"},\"image\":{\"src\":\"https:\/\/www.matclasen.de\/wp-includes\/images\/media\/audio.svg\",\"width\":48,\"height\":64},\"thumb\":{\"src\":\"https:\/\/www.matclasen.de\/wp-includes\/images\/media\/audio.svg\",\"width\":48,\"height\":64}},{\"src\":\"https:\/\/www.matclasen.de\/wp-content\/uploads\/Seelenflu\\u0308ger-Snippet.mp3\",\"type\":\"audio\/mpeg\",\"title\":\"Seelenflu\\u0308gel\",\"caption\":\"\",\"description\":\"\\u201eSeelenflu\\u0308ger Snippet\\u201c.\",\"meta\":{\"length_formatted\":\"1:00\"},\"image\":{\"src\":\"https:\/\/www.matclasen.de\/wp-includes\/images\/media\/audio.svg\",\"width\":48,\"height\":64},\"thumb\":{\"src\":\"https:\/\/www.matclasen.de\/wp-includes\/images\/media\/audio.svg\",\"width\":48,\"height\":64}},{\"src\":\"https:\/\/www.matclasen.de\/wp-content\/uploads\/Rivers-of-Gold-Snippet.mp3\",\"type\":\"audio\/mpeg\",\"title\":\"Rivers of Gold\",\"caption\":\"\",\"description\":\"\\u201eRivers of Gold Snippet\\u201c.\",\"meta\":{\"length_formatted\":\"1:00\"},\"image\":{\"src\":\"https:\/\/www.matclasen.de\/wp-includes\/images\/media\/audio.svg\",\"width\":48,\"height\":64},\"thumb\":{\"src\":\"https:\/\/www.matclasen.de\/wp-includes\/images\/media\/audio.svg\",\"width\":48,\"height\":64}},{\"src\":\"https:\/\/www.matclasen.de\/wp-content\/uploads\/The-Gateway-to-the-Hall-of-.mp3\",\"type\":\"audio\/mpeg\",\"title\":\"The Gateway to the Hall of Peace\",\"caption\":\"\",\"description\":\"\\u201eThe Gateway to the Hall of\\u201c.\",\"meta\":{\"length_formatted\":\"1:00\"},\"image\":{\"src\":\"https:\/\/www.matclasen.de\/wp-includes\/images\/media\/audio.svg\",\"width\":48,\"height\":64},\"thumb\":{\"src\":\"https:\/\/www.matclasen.de\/wp-includes\/images\/media\/audio.svg\",\"width\":48,\"height\":64}},{\"src\":\"https:\/\/www.matclasen.de\/wp-content\/uploads\/Danke-Thanks-Snippet.mp3\",\"type\":\"audio\/mpeg\",\"title\":\"Danke Thanks\",\"caption\":\"\",\"description\":\"\\u201eDanke Thanks Snippet\\u201c.\",\"meta\":{\"length_formatted\":\"1:00\"},\"image\":{\"src\":\"https:\/\/www.matclasen.de\/wp-includes\/images\/media\/audio.svg\",\"width\":48,\"height\":64},\"thumb\":{\"src\":\"https:\/\/www.matclasen.de\/wp-includes\/images\/media\/audio.svg\",\"width\":48,\"height\":64}},{\"src\":\"https:\/\/www.matclasen.de\/wp-content\/uploads\/Belles-Aufstieg-Snippet.mp3\",\"type\":\"audio\/mpeg\",\"title\":\"Belle's Aufstieg\",\"caption\":\"\",\"description\":\"\\u201eBelles Aufstieg Snippet\\u201c.\",\"meta\":{\"length_formatted\":\"1:00\"},\"image\":{\"src\":\"https:\/\/www.matclasen.de\/wp-includes\/images\/media\/audio.svg\",\"width\":48,\"height\":64},\"thumb\":{\"src\":\"https:\/\/www.matclasen.de\/wp-includes\/images\/media\/audio.svg\",\"width\":48,\"height\":64}},{\"src\":\"https:\/\/www.matclasen.de\/wp-content\/uploads\/Africans-Snippet.mp3\",\"type\":\"audio\/mpeg\",\"title\":\"Africans\",\"caption\":\"\",\"description\":\"\\u201eAfricans Snippet\\u201c.\",\"meta\":{\"length_formatted\":\"1:00\"},\"image\":{\"src\":\"https:\/\/www.matclasen.de\/wp-includes\/images\/media\/audio.svg\",\"width\":48,\"height\":64},\"thumb\":{\"src\":\"https:\/\/www.matclasen.de\/wp-includes\/images\/media\/audio.svg\",\"width\":48,\"height\":64}},{\"src\":\"https:\/\/www.matclasen.de\/wp-content\/uploads\/Meditatives-Schreiten-Snipp.mp3\",\"type\":\"audio\/mpeg\",\"title\":\"Meditatives Schreiten\",\"caption\":\"\",\"description\":\"\\u201eMeditatives Schreiten Snipp\\u201c.\",\"meta\":{\"length_formatted\":\"1:00\"},\"image\":{\"src\":\"https:\/\/www.matclasen.de\/wp-includes\/images\/media\/audio.svg\",\"width\":48,\"height\":64},\"thumb\":{\"src\":\"https:\/\/www.matclasen.de\/wp-includes\/images\/media\/audio.svg\",\"width\":48,\"height\":64}},{\"src\":\"https:\/\/www.matclasen.de\/wp-content\/uploads\/Liioness-Dance-Snippet.mp3\",\"type\":\"audio\/mpeg\",\"title\":\"Lioness Dance\",\"caption\":\"\",\"description\":\"\\u201eLiioness Dance Snippet\\u201c.\",\"meta\":{\"length_formatted\":\"1:00\"},\"image\":{\"src\":\"https:\/\/www.matclasen.de\/wp-includes\/images\/media\/audio.svg\",\"width\":48,\"height\":64},\"thumb\":{\"src\":\"https:\/\/www.matclasen.de\/wp-includes\/images\/media\/audio.svg\",\"width\":48,\"height\":64}},{\"src\":\"https:\/\/www.matclasen.de\/wp-content\/uploads\/Farewell-Abschied-Snippet.mp3\",\"type\":\"audio\/mpeg\",\"title\":\"Farewell Abschied\",\"caption\":\"\",\"description\":\"\\u201eFarewell Abschied Snippet\\u201c.\",\"meta\":{\"length_formatted\":\"1:00\"},\"image\":{\"src\":\"https:\/\/www.matclasen.de\/wp-includes\/images\/media\/audio.svg\",\"width\":48,\"height\":64},\"thumb\":{\"src\":\"https:\/\/www.matclasen.de\/wp-includes\/images\/media\/audio.svg\",\"width\":48,\"height\":64}}]}<\/script>\n<\/div>\n\t\n<\/div>\n<p><iframe loading=\"lazy\" hcb-fetch-image-from=\"https:\/\/www.youtube.com\/watch?v=_gqRxS1qbzI&amp;t=34s\" title=\"New Album Mat Clasen &amp; Joachim Goerke &quot;Rivers of Gold&quot;\" width=\"500\" height=\"281\" src=\"https:\/\/www.youtube.com\/embed\/_gqRxS1qbzI?start=34&#038;feature=oembed\" frameborder=\"0\" allow=\"accelerometer; autoplay; clipboard-write; encrypted-media; gyroscope; picture-in-picture; web-share\" referrerpolicy=\"strict-origin-when-cross-origin\" allowfullscreen><\/iframe><\/p>\n","protected":false},"excerpt":{"rendered":"<div style=\"margin-top: 20px; margin-bottom: 30px;\">The album &quot;Rivers of Gold&quot;, recorded under live conditions, ensures a special concert, from the comfort of your own living room - and as realistically as if you were sitting right in front of the stage. The musical spectrum is wide and includes compositions that appear classical to clear jazz inspirations, which the duo expands with exciting new accents.<\/div>","protected":false},"featured_media":8009,"template":"","meta":{"_uag_custom_page_level_css":""},"product_brand":[],"product_cat":[472,463],"product_tag":[464,538],"class_list":{"0":"post-5753","1":"product","2":"type-product","3":"status-publish","4":"has-post-thumbnail","6":"product_cat-shop","7":"product_cat-tontraeger","8":"product_tag-cd","9":"product_tag-rivers-of-gold","11":"first","12":"instock","13":"taxable","14":"shipping-taxable","15":"purchasable","16":"product-type-simple"},"aioseo_notices":[],"uagb_featured_image_src":{"full":["https:\/\/www.matclasen.de\/wp-content\/uploads\/Cover-Mat-Clasen-und-Joachim-Goerke-Rivers-of-Gold-e1728925864697.png",1082,1082,false],"thumbnail":["https:\/\/www.matclasen.de\/wp-content\/uploads\/Cover-Mat-Clasen-und-Joachim-Goerke-Rivers-of-Gold-150x150.png",150,150,true],"medium":["https:\/\/www.matclasen.de\/wp-content\/uploads\/Cover-Mat-Clasen-und-Joachim-Goerke-Rivers-of-Gold-300x300.png",300,300,true],"medium_large":["https:\/\/www.matclasen.de\/wp-content\/uploads\/Cover-Mat-Clasen-und-Joachim-Goerke-Rivers-of-Gold-768x768.png",768,768,true],"large":["https:\/\/www.matclasen.de\/wp-content\/uploads\/Cover-Mat-Clasen-und-Joachim-Goerke-Rivers-of-Gold-1024x1024.png",1024,1024,true],"1536x1536":["https:\/\/www.matclasen.de\/wp-content\/uploads\/Cover-Mat-Clasen-und-Joachim-Goerke-Rivers-of-Gold-e1728925864697.png",1082,1082,false],"2048x2048":["https:\/\/www.matclasen.de\/wp-content\/uploads\/Cover-Mat-Clasen-und-Joachim-Goerke-Rivers-of-Gold-e1728925864697.png",1082,1082,false],"trp-custom-language-flag":["https:\/\/www.matclasen.de\/wp-content\/uploads\/Cover-Mat-Clasen-und-Joachim-Goerke-Rivers-of-Gold-12x12.png",12,12,true],"woocommerce_thumbnail":["https:\/\/www.matclasen.de\/wp-content\/uploads\/Cover-Mat-Clasen-und-Joachim-Goerke-Rivers-of-Gold-e1728925864697-400x400.png",400,400,true],"woocommerce_single":["https:\/\/www.matclasen.de\/wp-content\/uploads\/Cover-Mat-Clasen-und-Joachim-Goerke-Rivers-of-Gold-e1728925864697-800x800.png",800,800,true],"woocommerce_gallery_thumbnail":["https:\/\/www.matclasen.de\/wp-content\/uploads\/Cover-Mat-Clasen-und-Joachim-Goerke-Rivers-of-Gold-e1728925864697-100x100.png",100,100,true]},"uagb_author_info":{"display_name":"admin","author_link":"https:\/\/www.matclasen.de\/en\/author\/"},"uagb_comment_info":0,"uagb_excerpt":"Das unter Live-Bedingungen eingespielte Album \"Rivers of Gold\" sorgt f\u00fcr ein besonderes Konzert, bequem vom heimischen Wohnzimmer aus - und zwar so realistisch, als s\u00e4\u00dfe man direkt vor der B\u00fchne. Das musikalische Spektrum ist weit gef\u00e4chert und umfasst klassisch anmutende Kompositionen bis zu klaren Jazzinspirationen, die das Duo um neue aufregende Akzente erweitert.","_links":{"self":[{"href":"https:\/\/www.matclasen.de\/en\/wp-json\/wp\/v2\/product\/5753","targetHints":{"allow":["GET"]}}],"collection":[{"href":"https:\/\/www.matclasen.de\/en\/wp-json\/wp\/v2\/product"}],"about":[{"href":"https:\/\/www.matclasen.de\/en\/wp-json\/wp\/v2\/types\/product"}],"wp:featuredmedia":[{"embeddable":true,"href":"https:\/\/www.matclasen.de\/en\/wp-json\/wp\/v2\/media\/8009"}],"wp:attachment":[{"href":"https:\/\/www.matclasen.de\/en\/wp-json\/wp\/v2\/media?parent=5753"}],"wp:term":[{"taxonomy":"product_brand","embeddable":true,"href":"https:\/\/www.matclasen.de\/en\/wp-json\/wp\/v2\/product_brand?post=5753"},{"taxonomy":"product_cat","embeddable":true,"href":"https:\/\/www.matclasen.de\/en\/wp-json\/wp\/v2\/product_cat?post=5753"},{"taxonomy":"product_tag","embeddable":true,"href":"https:\/\/www.matclasen.de\/en\/wp-json\/wp\/v2\/product_tag?post=5753"}],"curies":[{"name":"wp","href":"https:\/\/api.w.org\/{rel}","templated":true}]}}