{"id":6109,"date":"2022-11-12T15:15:30","date_gmt":"2022-11-12T13:15:30","guid":{"rendered":"https:\/\/www.matclasen.de\/?post_type=product&#038;p=6109"},"modified":"2025-07-27T18:07:14","modified_gmt":"2025-07-27T16:07:14","slug":"threes-a-crowd-partitur-und-einzelstimmen-saxophonquartett","status":"publish","type":"product","link":"https:\/\/www.matclasen.de\/en\/product\/threes-a-crowd-partitur-und-einzelstimmen-saxophonquartett\/","title":{"rendered":"Groove in 3\/4 slow funk that sticks - Three\u2019s a Crowd for saxophone quartett (PDF-download)"},"content":{"rendered":"<p>Title: Three&#039;s a Crowd<br \/>\nStyle: Slow Funk<br \/>\nComposer: Mat Clasen<br \/>\nInstrumentation: saxophone quartet (SATB \/ AATB)<br \/>\nLength: 2:35<br \/>\nTempo: 88 bpm<br \/>\nTime signature: 3\/4<br \/>\nKey: F<br \/>\nDifficulty level: intermediate \/ advanced<\/p>\n<p>Demo video:<br \/>\n<iframe loading=\"lazy\" hcb-fetch-image-from=\"https:\/\/www.youtube.com\/watch?v=oF_7rgfpZW8\" title=\"Slow Funk 3\/4 for Saxophone Quartet &quot;Three&#039;s a Crowd&quot; Score Video\" width=\"500\" height=\"281\" src=\"https:\/\/www.youtube.com\/embed\/oF_7rgfpZW8?feature=oembed\" frameborder=\"0\" allow=\"accelerometer; autoplay; clipboard-write; encrypted-media; gyroscope; picture-in-picture; web-share\" referrerpolicy=\"strict-origin-when-cross-origin\" allowfullscreen><\/iframe><\/p>","protected":false},"excerpt":{"rendered":"<p>Laid-back slow funk in 3\/4 for saxophone quartet. Catchy and relaxed \u2013 ideal for concerts or contests. Features an open solo section (except baritone) and a written-out solo for the 1st part. For those who like their groove cool and confident.<\/p>","protected":false},"featured_media":6126,"template":"","meta":{"_uag_custom_page_level_css":""},"product_brand":[],"product_cat":[473,472],"product_tag":[493,477,475,476,485,474],"class_list":{"0":"post-6109","1":"product","2":"type-product","3":"status-publish","4":"has-post-thumbnail","6":"product_cat-noten","7":"product_cat-shop","8":"product_tag-3-4","9":"product_tag-aatb","10":"product_tag-advanced","11":"product_tag-funk","12":"product_tag-satb","13":"product_tag-saxophonquartett","15":"first","16":"instock","17":"downloadable","18":"virtual","19":"taxable","20":"purchasable","21":"product-type-simple"},"aioseo_notices":[],"uagb_featured_image_src":{"full":["https:\/\/www.matclasen.de\/wp-content\/uploads\/Threes-a-Crowd-SATB-AATB_0001-e1753627003305.png",718,1018,false],"thumbnail":["https:\/\/www.matclasen.de\/wp-content\/uploads\/Threes-a-Crowd-SATB-AATB_0001-e1753627003305-150x150.png",150,150,true],"medium":["https:\/\/www.matclasen.de\/wp-content\/uploads\/Threes-a-Crowd-SATB-AATB_0001-e1753627003305-212x300.png",212,300,true],"medium_large":["https:\/\/www.matclasen.de\/wp-content\/uploads\/Threes-a-Crowd-SATB-AATB_0001-768x1086.png",768,1086,true],"large":["https:\/\/www.matclasen.de\/wp-content\/uploads\/Threes-a-Crowd-SATB-AATB_0001-724x1024.png",724,1024,true],"1536x1536":["https:\/\/www.matclasen.de\/wp-content\/uploads\/Threes-a-Crowd-SATB-AATB_0001-1086x1536.png",1086,1536,true],"2048x2048":["https:\/\/www.matclasen.de\/wp-content\/uploads\/Threes-a-Crowd-SATB-AATB_0001-1448x2048.png",1448,2048,true],"trp-custom-language-flag":["https:\/\/www.matclasen.de\/wp-content\/uploads\/Threes-a-Crowd-SATB-AATB_0001-e1753627003305-8x12.png",8,12,true],"woocommerce_thumbnail":["https:\/\/www.matclasen.de\/wp-content\/uploads\/Threes-a-Crowd-SATB-AATB_0001-e1753627003305-400x400.png",400,400,true],"woocommerce_single":["https:\/\/www.matclasen.de\/wp-content\/uploads\/Threes-a-Crowd-SATB-AATB_0001-e1753627003305.png",718,1018,false],"woocommerce_gallery_thumbnail":["https:\/\/www.matclasen.de\/wp-content\/uploads\/Threes-a-Crowd-SATB-AATB_0001-e1753627003305-100x100.png",100,100,true]},"uagb_author_info":{"display_name":"admin","author_link":"https:\/\/www.matclasen.de\/en\/author\/"},"uagb_comment_info":0,"uagb_excerpt":"Grooviger Slow-Funk im 3\/4-Takt f\u00fcr Saxophonquartett. Entspannt, catchy und perfekt f\u00fcr B\u00fchne oder Wettbewerb. Mit offenem Soloteil (au\u00dfer Bariton) und ausgeschriebenem Solo-Vorschlag f\u00fcr die 1. Stimme. F\u00fcr alle, die Lust auf Groove mit Haltung haben.","_links":{"self":[{"href":"https:\/\/www.matclasen.de\/en\/wp-json\/wp\/v2\/product\/6109","targetHints":{"allow":["GET"]}}],"collection":[{"href":"https:\/\/www.matclasen.de\/en\/wp-json\/wp\/v2\/product"}],"about":[{"href":"https:\/\/www.matclasen.de\/en\/wp-json\/wp\/v2\/types\/product"}],"wp:featuredmedia":[{"embeddable":true,"href":"https:\/\/www.matclasen.de\/en\/wp-json\/wp\/v2\/media\/6126"}],"wp:attachment":[{"href":"https:\/\/www.matclasen.de\/en\/wp-json\/wp\/v2\/media?parent=6109"}],"wp:term":[{"taxonomy":"product_brand","embeddable":true,"href":"https:\/\/www.matclasen.de\/en\/wp-json\/wp\/v2\/product_brand?post=6109"},{"taxonomy":"product_cat","embeddable":true,"href":"https:\/\/www.matclasen.de\/en\/wp-json\/wp\/v2\/product_cat?post=6109"},{"taxonomy":"product_tag","embeddable":true,"href":"https:\/\/www.matclasen.de\/en\/wp-json\/wp\/v2\/product_tag?post=6109"}],"curies":[{"name":"wp","href":"https:\/\/api.w.org\/{rel}","templated":true}]}}