{"id":6147,"date":"2022-11-20T19:02:35","date_gmt":"2022-11-20T17:02:35","guid":{"rendered":"https:\/\/www.matclasen.de\/?post_type=product&#038;p=6147"},"modified":"2025-07-27T20:15:23","modified_gmt":"2025-07-27T18:15:23","slug":"starship-serenade-partitur-und-einzelstimmen-fuer-saxophonquartett-pdf-download","status":"publish","type":"product","link":"https:\/\/www.matclasen.de\/en\/product\/starship-serenade-partitur-und-einzelstimmen-fuer-saxophonquartett-pdf-download\/","title":{"rendered":"Elegiac lines \u2013 Starship Serenade for saxophone quartet (PDF-download)"},"content":{"rendered":"<p>Title: Starship Serenade<br \/>\nStyle: classical<br \/>\nComposer: Mat Clasen<br \/>\nInstrumentation: saxophone quartet (SATB \/ AATB)<br \/>\nLength: 2:49<br \/>\nTempo: moderate 75 bpm<br \/>\nTime signature: 4\/4<br \/>\nKey: D minor<br \/>\nLevel of difficulty: beginner \/ intermediate<\/p>\n<p>Demo video:<br \/>\n<iframe loading=\"lazy\" hcb-fetch-image-from=\"https:\/\/youtu.be\/M82xSlQM584\" title=\"Beautiful Elegy for Woodwind Quartet \/ Saxophone Quartet &quot;Starship Serenade&quot; Score Video\" width=\"500\" height=\"281\" src=\"https:\/\/www.youtube.com\/embed\/M82xSlQM584?feature=oembed\" frameborder=\"0\" allow=\"accelerometer; autoplay; clipboard-write; encrypted-media; gyroscope; picture-in-picture; web-share\" referrerpolicy=\"strict-origin-when-cross-origin\" allowfullscreen><\/iframe><\/p>","protected":false},"excerpt":{"rendered":"<p>\u201cStarship Serenade\u201d is a calm, concert-style piece for saxophone quartet with an elegiac, touching melody. Structured in ABAB form, each part takes the theme once, while the others provide shifting harmonic and rhythmic support.<\/p>","protected":false},"featured_media":6149,"template":"","meta":{"_uag_custom_page_level_css":""},"product_brand":[],"product_cat":[473,472],"product_tag":[477,495,497,486,496,499,485,474],"class_list":{"0":"post-6147","1":"product","2":"type-product","3":"status-publish","4":"has-post-thumbnail","6":"product_cat-noten","7":"product_cat-shop","8":"product_tag-aatb","9":"product_tag-beginner","10":"product_tag-etuede","11":"product_tag-intermediate","12":"product_tag-klassisch","13":"product_tag-konzertant","14":"product_tag-satb","15":"product_tag-saxophonquartett","17":"first","18":"instock","19":"downloadable","20":"virtual","21":"taxable","22":"purchasable","23":"product-type-simple"},"aioseo_notices":[],"uagb_featured_image_src":{"full":["https:\/\/www.matclasen.de\/wp-content\/uploads\/Starship-Serenade-SATB-AATB_0001-e1668965127103.png",720,1018,false],"thumbnail":["https:\/\/www.matclasen.de\/wp-content\/uploads\/Starship-Serenade-SATB-AATB_0001-e1668965127103-150x150.png",150,150,true],"medium":["https:\/\/www.matclasen.de\/wp-content\/uploads\/Starship-Serenade-SATB-AATB_0001-e1668965127103-212x300.png",212,300,true],"medium_large":["https:\/\/www.matclasen.de\/wp-content\/uploads\/Starship-Serenade-SATB-AATB_0001-768x1086.png",768,1086,true],"large":["https:\/\/www.matclasen.de\/wp-content\/uploads\/Starship-Serenade-SATB-AATB_0001-724x1024.png",724,1024,true],"1536x1536":["https:\/\/www.matclasen.de\/wp-content\/uploads\/Starship-Serenade-SATB-AATB_0001-1086x1536.png",1086,1536,true],"2048x2048":["https:\/\/www.matclasen.de\/wp-content\/uploads\/Starship-Serenade-SATB-AATB_0001-1448x2048.png",1448,2048,true],"trp-custom-language-flag":["https:\/\/www.matclasen.de\/wp-content\/uploads\/Starship-Serenade-SATB-AATB_0001-e1668965127103.png",8,12,false],"woocommerce_thumbnail":["https:\/\/www.matclasen.de\/wp-content\/uploads\/Starship-Serenade-SATB-AATB_0001-e1668965127103-400x400.png",400,400,true],"woocommerce_single":["https:\/\/www.matclasen.de\/wp-content\/uploads\/Starship-Serenade-SATB-AATB_0001-1086x1536.png",800,1131,true],"woocommerce_gallery_thumbnail":["https:\/\/www.matclasen.de\/wp-content\/uploads\/Starship-Serenade-SATB-AATB_0001-e1668965127103-100x100.png",100,100,true]},"uagb_author_info":{"display_name":"admin","author_link":"https:\/\/www.matclasen.de\/en\/author\/"},"uagb_comment_info":0,"uagb_excerpt":"\u201eStarship Serenade\u201c ist ein ruhiges, konzertantes St\u00fcck mit elegischer Melodie f\u00fcr Saxophonquartett. In ABAB-Form \u00fcbernimmt jede Stimme einmal das Thema, begleitet von fein abgestimmten rhythmischen und harmonischen Texturen.","_links":{"self":[{"href":"https:\/\/www.matclasen.de\/en\/wp-json\/wp\/v2\/product\/6147","targetHints":{"allow":["GET"]}}],"collection":[{"href":"https:\/\/www.matclasen.de\/en\/wp-json\/wp\/v2\/product"}],"about":[{"href":"https:\/\/www.matclasen.de\/en\/wp-json\/wp\/v2\/types\/product"}],"wp:featuredmedia":[{"embeddable":true,"href":"https:\/\/www.matclasen.de\/en\/wp-json\/wp\/v2\/media\/6149"}],"wp:attachment":[{"href":"https:\/\/www.matclasen.de\/en\/wp-json\/wp\/v2\/media?parent=6147"}],"wp:term":[{"taxonomy":"product_brand","embeddable":true,"href":"https:\/\/www.matclasen.de\/en\/wp-json\/wp\/v2\/product_brand?post=6147"},{"taxonomy":"product_cat","embeddable":true,"href":"https:\/\/www.matclasen.de\/en\/wp-json\/wp\/v2\/product_cat?post=6147"},{"taxonomy":"product_tag","embeddable":true,"href":"https:\/\/www.matclasen.de\/en\/wp-json\/wp\/v2\/product_tag?post=6147"}],"curies":[{"name":"wp","href":"https:\/\/api.w.org\/{rel}","templated":true}]}}