{"id":8134,"date":"2025-01-11T19:27:48","date_gmt":"2025-01-11T17:27:48","guid":{"rendered":"https:\/\/www.matclasen.de\/?post_type=product&#038;p=8134"},"modified":"2025-07-27T19:43:04","modified_gmt":"2025-07-27T17:43:04","slug":"danke-thanks-partitur-und-einzelstimmen-fuer-saxophon-und-piano","status":"publish","type":"product","link":"https:\/\/www.matclasen.de\/en\/product\/danke-thanks-partitur-und-einzelstimmen-fuer-saxophon-und-piano\/","title":{"rendered":"A musical thank-you full of warmth and flow - Danke Thanks for saxophone und piano"},"content":{"rendered":"<p>Titel: Danke Thanks<br \/>\nStyle: Jazz<br \/>\nComposer: Joachim Goerke<br \/>\nInstrumentation: Saxophone and Piano (Eb-, Bb- and C-Parts are included in the PDF<br \/>\nLength: 3:21<br \/>\nTempo: 50 bpm<br \/>\nTime signature: 4\/4<br \/>\nKey: D major<\/p>\n<p>Album &#8222;Rivers of Gold&#8220;:<br \/>\n<a href=\"https:\/\/www.matclasen.de\/en\/product\/cd-rivers-of-gold-mat-clasen-und-joachim-goerke\/\">https:\/\/www.matclasen.de\/produkt\/cd-rivers-of-gold-mat-clasen-und-joachim-goerke\/<\/a><\/p>\n<p>Demo video:<br \/>\n<iframe loading=\"lazy\" hcb-fetch-image-from=\"https:\/\/youtu.be\/GcX7SKNcF-o\" title=\"Klavier Saxophon Duo in der Pianokirche &quot;Danke&quot; von Joachim Goerke\" width=\"500\" height=\"281\" src=\"https:\/\/www.youtube.com\/embed\/GcX7SKNcF-o?feature=oembed\" frameborder=\"0\" allow=\"accelerometer; autoplay; clipboard-write; encrypted-media; gyroscope; picture-in-picture; web-share\" referrerpolicy=\"strict-origin-when-cross-origin\" allowfullscreen><\/iframe><\/p>","protected":false},"excerpt":{"rendered":"<p>\u201eDanke Thanks\u201c von Joachim Goerke ber\u00fchrt mit klarer Melodie und flie\u00dfender Rhythmik. Arrangiert f\u00fcr Saxophon &amp; Klavier \u2013 ein St\u00fcck voller W\u00e4rme, Ruhe und Verbundenheit. Bekannt vom Album <a href=\"https:\/\/www.matclasen.de\/en\/product\/cd-rivers-of-gold-mat-clasen-und-joachim-goerke\/\"><em data-start=\"602\" data-end=\"618\">Rivers of Gold<\/em><\/a> mit Mat Clasen und Joachim Goerke.<\/p>","protected":false},"featured_media":8136,"template":"","meta":{"_uag_custom_page_level_css":""},"product_brand":[],"product_cat":[473,472],"product_tag":[540,541,538,539],"class_list":{"0":"post-8134","1":"product","2":"type-product","3":"status-publish","4":"has-post-thumbnail","6":"product_cat-noten","7":"product_cat-shop","8":"product_tag-jazz","9":"product_tag-meditationsmusik","10":"product_tag-rivers-of-gold","11":"product_tag-saxophon-piano-duo","13":"first","14":"instock","15":"downloadable","16":"virtual","17":"taxable","18":"purchasable","19":"product-type-simple"},"aioseo_notices":[],"uagb_featured_image_src":{"full":["https:\/\/www.matclasen.de\/wp-content\/uploads\/Danke-Thanks_0001-e1736615744926.png",720,1018,false],"thumbnail":["https:\/\/www.matclasen.de\/wp-content\/uploads\/Danke-Thanks_0001-150x150.png",150,150,true],"medium":["https:\/\/www.matclasen.de\/wp-content\/uploads\/Danke-Thanks_0001-212x300.png",212,300,true],"medium_large":["https:\/\/www.matclasen.de\/wp-content\/uploads\/Danke-Thanks_0001-768x1086.png",768,1086,true],"large":["https:\/\/www.matclasen.de\/wp-content\/uploads\/Danke-Thanks_0001-724x1024.png",724,1024,true],"1536x1536":["https:\/\/www.matclasen.de\/wp-content\/uploads\/Danke-Thanks_0001-1086x1536.png",1086,1536,true],"2048x2048":["https:\/\/www.matclasen.de\/wp-content\/uploads\/Danke-Thanks_0001-1448x2048.png",1448,2048,true],"trp-custom-language-flag":["https:\/\/www.matclasen.de\/wp-content\/uploads\/Danke-Thanks_0001-8x12.png",8,12,true],"woocommerce_thumbnail":["https:\/\/www.matclasen.de\/wp-content\/uploads\/Danke-Thanks_0001-e1736615744926-400x400.png",400,400,true],"woocommerce_single":["https:\/\/www.matclasen.de\/wp-content\/uploads\/Danke-Thanks_0001-1086x1536.png",800,1131,true],"woocommerce_gallery_thumbnail":["https:\/\/www.matclasen.de\/wp-content\/uploads\/Danke-Thanks_0001-e1736615744926-100x100.png",100,100,true]},"uagb_author_info":{"display_name":"admin","author_link":"https:\/\/www.matclasen.de\/en\/author\/"},"uagb_comment_info":0,"uagb_excerpt":"\u201eDanke Thanks\u201c von Joachim Goerke ber\u00fchrt mit klarer Melodie und flie\u00dfender Rhythmik. Arrangiert f\u00fcr Saxophon &amp; Klavier \u2013 ein St\u00fcck voller W\u00e4rme, Ruhe und Verbundenheit. Bekannt vom Album Rivers of Gold mit Mat Clasen und Joachim Goerke.","_links":{"self":[{"href":"https:\/\/www.matclasen.de\/en\/wp-json\/wp\/v2\/product\/8134","targetHints":{"allow":["GET"]}}],"collection":[{"href":"https:\/\/www.matclasen.de\/en\/wp-json\/wp\/v2\/product"}],"about":[{"href":"https:\/\/www.matclasen.de\/en\/wp-json\/wp\/v2\/types\/product"}],"wp:featuredmedia":[{"embeddable":true,"href":"https:\/\/www.matclasen.de\/en\/wp-json\/wp\/v2\/media\/8136"}],"wp:attachment":[{"href":"https:\/\/www.matclasen.de\/en\/wp-json\/wp\/v2\/media?parent=8134"}],"wp:term":[{"taxonomy":"product_brand","embeddable":true,"href":"https:\/\/www.matclasen.de\/en\/wp-json\/wp\/v2\/product_brand?post=8134"},{"taxonomy":"product_cat","embeddable":true,"href":"https:\/\/www.matclasen.de\/en\/wp-json\/wp\/v2\/product_cat?post=8134"},{"taxonomy":"product_tag","embeddable":true,"href":"https:\/\/www.matclasen.de\/en\/wp-json\/wp\/v2\/product_tag?post=8134"}],"curies":[{"name":"wp","href":"https:\/\/api.w.org\/{rel}","templated":true}]}}